{"id":106,"date":"2017-05-03T07:06:02","date_gmt":"2017-05-03T10:06:02","guid":{"rendered":"http:\/\/www.rederural.com.br\/site\/?page_id=106"},"modified":"2017-05-05T12:18:37","modified_gmt":"2017-05-05T15:18:37","slug":"inspecao-predial","status":"publish","type":"page","link":"http:\/\/www.rederural.com.br\/site\/inspecao-predial\/","title":{"rendered":"Inspe\u00e7\u00e3o Predial"},"content":{"rendered":"<p>[vc_row][vc_column width=&#8221;1\/4&#8243;][vc_single_image image=&#8221;166&#8243; img_size=&#8221;214&#215;214&#8243;][\/vc_column][vc_column width=&#8221;3\/4&#8243;][vc_column_text css_animation=&#8221;left-to-right&#8221;]A empresa mant\u00e9m la\u00e7os fortes na \u00e1rea da constru\u00e7\u00e3o civil, por\u00e9m com foco nos seguintes segmentos onde presta servi\u00e7os para pessoas f\u00edsicas e jur\u00eddicas<br \/>\n&#8211; Per\u00edcias Judiciais nas \u00e1reas de patologias construtivas e avalia\u00e7\u00f5es de im\u00f3veis, em todos Foros do Estado de S\u00e3o Paulo;<br \/>\n&#8211; Avalia\u00e7\u00f5es de terrenos e glebas urbanas;<br \/>\n&#8211; Avalia\u00e7\u00f5es de im\u00f3veis residenciais, comerciais e industriais para determina\u00e7\u00e3o de valor de mercado, comercializa\u00e7\u00e3o (venda ou loca\u00e7\u00e3o), partilha de bens e invent\u00e1rios, desapropria\u00e7\u00f5es e para fins de seguro\/garantias;<br \/>\n&#8211; Avalia\u00e7\u00f5es de lojas de ruas comerciais, em Shoppings e galp\u00f5es;<br \/>\n&#8211; Per\u00edcias e Laudos T\u00e9cnicos na \u00e1rea de engenharia civil determinando causas de patologias construtivas, proporcionando poss\u00edveis solu\u00e7\u00f5es e orienta\u00e7\u00f5es necess\u00e1rias e elaborando or\u00e7amentos para reparos, quando necess\u00e1rios.<br \/>\n&#8211; Assessoria T\u00e9cnica a Advogados e interessados para que possam iniciar processos embasados em Parecer T\u00e9cnico adequado \u00e0s necessidades da A\u00e7\u00e3o;<br \/>\n&#8211; Assist\u00eancia T\u00e9cnica em Per\u00edcias e Avalia\u00e7\u00f5es Judiciais com elabora\u00e7\u00e3o de laudos pr\u00e9vios, acompanhamento de per\u00edcias e elabora\u00e7\u00e3o de laudos cr\u00edticos auxiliando Ju\u00edzes, Advogados e as partes no deslinde dos aspectos t\u00e9cnicos dos processos;<br \/>\n&#8211; Vistoria e Parecer T\u00e9cnicos de Engenharia visando apresentar solu\u00e7\u00f5es de problemas decorrentes de servi\u00e7os executados incorretamente por construtoras ou empreiteiras que possam ocasionar riscos \u00e0 seguran\u00e7a dos usu\u00e1rios ou preju\u00edzos;<br \/>\n&#8211; Inspe\u00e7\u00e3o predial e elabora\u00e7\u00e3o de laudos t\u00e9cnicos para condom\u00ednios residenciais e comerciais, com o objetivo de detectar e comprovar eventuais patologias, danos e v\u00edcios construtivos, inclusive estruturais, an\u00e1lise de proje\u00e7\u00f5es e recomenda\u00e7\u00f5es t\u00e9cnicas para a execu\u00e7\u00e3o dos reparos das obras e auxiliar a gest\u00e3o condominial assegurando a preserva\u00e7\u00e3o da garantia;<br \/>\n&#8211; Laudos de Vistoria de Recebimento\/ Conclus\u00e3o de Obras na entrega de Unidades e \u00e1rea comuns em Edif\u00edcios novos garantindo os prazos para constata\u00e7\u00e3o de v\u00edcios construtivos;<br \/>\n&#8211; Vistorias de Vizinhan\u00e7a para identificar as condi\u00e7\u00f5es construtivas, anomalias ou patologias dos im\u00f3veis cont\u00edguos \u00e0 futura obra ou reforma em todas as etapas da constru\u00e7\u00e3o com a finalidade de resguardar os direitos das partes envolvidas;<br \/>\n&#8211; Vistoria \u201cAd Perpetuam Rei Memoriam\u201d \/ Cautelar visando documentar as ocorr\u00eancias em bens m\u00f3veis e im\u00f3veis;<br \/>\n&#8211; Per\u00edcia e Consultoria T\u00e9cnica nas diversas \u00e1reas da Engenharia: Funda\u00e7\u00f5es; Muros de Arrimo; Impermeabiliza\u00e7\u00e3o; Estruturas de Concreto; T\u00e9cnicas Construtivas; Instala\u00e7\u00f5es Hidr\u00e1ulica e El\u00e9trica; Projetos, Or\u00e7amentos e Cronogramas; Patologia das Edifica\u00e7\u00f5es;<br \/>\n&#8211; An\u00e1lise de viabilidade construtiva e regulariza\u00e7\u00e3o de edifica\u00e7\u00f5es com base nos direitos relativos \u00e0 Lei de Zoneamento do Munic\u00edpio de S\u00e3o Paulo;<br \/>\n&#8211; Consultoria para aquisi\u00e7\u00e3o de im\u00f3veis constru\u00eddos: acompanhamento, orienta\u00e7\u00e3o quanto aos aspectos t\u00e9cnicos, funcionais e de conserva\u00e7\u00e3o do im\u00f3vel, an\u00e1lise quanto \u00e0s reformas necess\u00e1rias para adequar ao uso pretendido e or\u00e7amento.[\/vc_column_text][\/vc_column][\/vc_row]<\/p>\n","protected":false},"excerpt":{"rendered":"<p>[vc_row][vc_column width=&#8221;1\/4&#8243;][vc_single_image image=&#8221;166&#8243; img_size=&#8221;214&#215;214&#8243;][\/vc_column][vc_column width=&#8221;3\/4&#8243;][vc_column_text css_animation=&#8221;left-to-right&#8221;]A empresa mant\u00e9m la\u00e7os fortes na \u00e1rea da constru\u00e7\u00e3o civil, por\u00e9m com foco nos seguintes segmentos onde presta servi\u00e7os para pessoas f\u00edsicas e jur\u00eddicas &#8211; Per\u00edcias Judiciais nas \u00e1reas de patologias construtivas e avalia\u00e7\u00f5es de im\u00f3veis, em todos Foros do Estado de S\u00e3o Paulo; &#8211; Avalia\u00e7\u00f5es de terrenos e glebas [&hellip;]<\/p>\n","protected":false},"author":1,"featured_media":0,"parent":0,"menu_order":0,"comment_status":"closed","ping_status":"closed","template":"template-fullwidth.php","meta":[],"_links":{"self":[{"href":"http:\/\/www.rederural.com.br\/site\/wp-json\/wp\/v2\/pages\/106"}],"collection":[{"href":"http:\/\/www.rederural.com.br\/site\/wp-json\/wp\/v2\/pages"}],"about":[{"href":"http:\/\/www.rederural.com.br\/site\/wp-json\/wp\/v2\/types\/page"}],"author":[{"embeddable":true,"href":"http:\/\/www.rederural.com.br\/site\/wp-json\/wp\/v2\/users\/1"}],"replies":[{"embeddable":true,"href":"http:\/\/www.rederural.com.br\/site\/wp-json\/wp\/v2\/comments?post=106"}],"version-history":[{"count":2,"href":"http:\/\/www.rederural.com.br\/site\/wp-json\/wp\/v2\/pages\/106\/revisions"}],"predecessor-version":[{"id":174,"href":"http:\/\/www.rederural.com.br\/site\/wp-json\/wp\/v2\/pages\/106\/revisions\/174"}],"wp:attachment":[{"href":"http:\/\/www.rederural.com.br\/site\/wp-json\/wp\/v2\/media?parent=106"}],"curies":[{"name":"wp","href":"https:\/\/api.w.org\/{rel}","templated":true}]}}