{"id":28,"date":"2017-04-22T16:46:14","date_gmt":"2017-04-22T19:46:14","guid":{"rendered":"http:\/\/www.rederural.com.br\/site\/?page_id=28"},"modified":"2017-04-24T15:59:48","modified_gmt":"2017-04-24T18:59:48","slug":"nossa-experiencia","status":"publish","type":"page","link":"http:\/\/www.rederural.com.br\/site\/nossa-experiencia\/","title":{"rendered":"Nossa Experi\u00eancia"},"content":{"rendered":"<p>[vc_row][vc_column][vc_column_text]<\/p>\n<p><img loading=\"lazy\" class=\"alignnone size-medium wp-image-81\" src=\"http:\/\/www.rederural.com.br\/site\/wp-content\/uploads\/2017\/04\/texto-jose-roberto-furtado-300x53.png\" alt=\"\" width=\"300\" height=\"53\" srcset=\"http:\/\/www.rederural.com.br\/site\/wp-content\/uploads\/2017\/04\/texto-jose-roberto-furtado-300x53.png 300w, http:\/\/www.rederural.com.br\/site\/wp-content\/uploads\/2017\/04\/texto-jose-roberto-furtado-150x26.png 150w, http:\/\/www.rederural.com.br\/site\/wp-content\/uploads\/2017\/04\/texto-jose-roberto-furtado.png 402w\" sizes=\"(max-width: 300px) 100vw, 300px\" \/><\/p>\n<p>FORMA\u00c7\u00c3O:<\/p>\n<p>Gradua\u00e7\u00e3o #1<br \/>\nInstitui\u00e7\u00e3o: EETM &#8211; Escola de Engenharia do Triangulo Mineiro<br \/>\nGrau de forma\u00e7\u00e3o: Gradua\u00e7\u00e3o<br \/>\nNome do curso: Engenharia Civil<br \/>\nAno atual: J\u00e1 formado<br \/>\nGradua\u00e7\u00e3o #2<br \/>\nInstitui\u00e7\u00e3o: Centro Educacional de Niter\u00f3i<br \/>\nGrau de forma\u00e7\u00e3o: T\u00e9cnico<br \/>\nNome do curso: Transa\u00e7\u00f5es Imobili\u00e1rias<br \/>\nAno atual: J\u00e1 formado<br \/>\nGradua\u00e7\u00e3o #3<br \/>\nInstitui\u00e7\u00e3o: IBAPE &#8211; Instituto Brasileiro de Avalia\u00e7\u00f5es e Per\u00edcias de Engenharia<br \/>\nGrau de forma\u00e7\u00e3o: Gradua\u00e7\u00e3o<br \/>\nNome do curso: Avalia\u00e7\u00f5es e Per\u00edcias de Engenharia<br \/>\nAno atual: J\u00e1 formado<\/p>\n<p>Experi\u00eancia Profissional:<br \/>\nSE\u00c7\u00c3O JUDICI\u00c1RIA DE S\u00c3O PAULO<br \/>\nPerito Judicial<br \/>\n\u2022 25\u00aa, 22\u00aa,6\u00aa e 2\u00aa Vara C\u00edvel da Justi\u00e7a Federal &#8211; Se\u00e7\u00e3o Judici\u00e1ria de S\u00e3o Paulo &#8211; SP 3\u00aa, 5\u00aa,<br \/>\n10\u00aa, 16\u00aa, 29\u00aa e 39\u00aa Vara C\u00edvel do F\u00f3rum Central &#8211; Jo\u00e3o Mendes Junior de S\u00e3o Paulo-SP,<br \/>\nenglobando avalia\u00e7\u00e3o, loca\u00e7\u00e3o, permiss\u00e3o de uso de bens e dom\u00ednio p\u00fablicos, em a\u00e7\u00f5es do<br \/>\nrito sumario, revisional de aluguel, execu\u00e7\u00e3o hipotec\u00e1ria, a\u00e7\u00e3o de obriga\u00e7\u00e3o de fazer, a\u00e7\u00e3o<br \/>\nde indeniza\u00e7\u00e3o por danos morais e materiais cumulados com pedido de abatimento<br \/>\nproporcional do pre\u00e7o, a\u00e7\u00e3o de repara\u00e7\u00e3o de danos.<br \/>\n\u2022 Consultoria em Coordena\u00e7\u00e3o e Gerenciamento de obras Industriais, comerciais e<br \/>\nresidenciais, englobando an\u00e1lise de Projetos, acompanhamento, na execu\u00e7\u00e3o de obras,<br \/>\nelabora\u00e7\u00e3o de planilhas de custos, medi\u00e7\u00f5es, pesquisas e compras de materiais.<br \/>\n\u2022 Consultoria para escrit\u00f3rios de Advocacia na \u00e1rea de avalia\u00e7\u00f5es e per\u00edcias de engenharia<br \/>\nlegal.<br \/>\n\u2022 Experi\u00eancia profissional em Consultoria para escrit\u00f3rios de Advocacia nas \u00e1reas de<br \/>\navalia\u00e7\u00f5es e per\u00edcias de Engenharia Legal.<br \/>\n\u2022 Experi\u00eancia T\u00e9cnica como Perito Judicial e Assistente da Parte, perante as Justi\u00e7as<br \/>\nEstaduais e Federal.<br \/>\n\u2022 Avalia\u00e7\u00f5es de terrenos, pr\u00e9dios residenciais, comerciais, industriais, shopping center;<br \/>\n\u2022 Per\u00edcias Judiciais de Patologias na Constru\u00e7\u00e3o Civil \u2013 estruturas, revestimentos, instala\u00e7\u00e3o<br \/>\nel\u00e9trica e hidr\u00e1ulica, pisos, funda\u00e7\u00e3o, solos;<br \/>\n\u2022 Avalia\u00e7\u00f5es de \u00e1reas com restri\u00e7\u00f5es de uso, de prote\u00e7\u00e3o ambiental, mananciais e de prote\u00e7\u00e3o<br \/>\npermanente;<br \/>\n\u2022 Retifica\u00e7\u00e3o de \u00e1rea, Declarat\u00f3ria, Demarcat\u00f3ria, Indenizat\u00f3ria, Reintegra\u00e7\u00e3o de posse e<br \/>\nUsucapi\u00e3o<br \/>\n\u2022 Compra e Venda de Im\u00f3veis Rurais e Urbanos.[\/vc_column_text][\/vc_column][\/vc_row]<\/p>\n","protected":false},"excerpt":{"rendered":"<p>[vc_row][vc_column][vc_column_text] FORMA\u00c7\u00c3O: Gradua\u00e7\u00e3o #1 Institui\u00e7\u00e3o: EETM &#8211; Escola de Engenharia do Triangulo Mineiro Grau de forma\u00e7\u00e3o: Gradua\u00e7\u00e3o Nome do curso: Engenharia Civil Ano atual: J\u00e1 formado Gradua\u00e7\u00e3o #2 Institui\u00e7\u00e3o: Centro Educacional de Niter\u00f3i Grau de forma\u00e7\u00e3o: T\u00e9cnico Nome do curso: Transa\u00e7\u00f5es Imobili\u00e1rias Ano atual: J\u00e1 formado Gradua\u00e7\u00e3o #3 Institui\u00e7\u00e3o: IBAPE &#8211; Instituto Brasileiro de Avalia\u00e7\u00f5es [&hellip;]<\/p>\n","protected":false},"author":1,"featured_media":0,"parent":0,"menu_order":0,"comment_status":"closed","ping_status":"closed","template":"template-fullwidth.php","meta":[],"_links":{"self":[{"href":"http:\/\/www.rederural.com.br\/site\/wp-json\/wp\/v2\/pages\/28"}],"collection":[{"href":"http:\/\/www.rederural.com.br\/site\/wp-json\/wp\/v2\/pages"}],"about":[{"href":"http:\/\/www.rederural.com.br\/site\/wp-json\/wp\/v2\/types\/page"}],"author":[{"embeddable":true,"href":"http:\/\/www.rederural.com.br\/site\/wp-json\/wp\/v2\/users\/1"}],"replies":[{"embeddable":true,"href":"http:\/\/www.rederural.com.br\/site\/wp-json\/wp\/v2\/comments?post=28"}],"version-history":[{"count":6,"href":"http:\/\/www.rederural.com.br\/site\/wp-json\/wp\/v2\/pages\/28\/revisions"}],"predecessor-version":[{"id":83,"href":"http:\/\/www.rederural.com.br\/site\/wp-json\/wp\/v2\/pages\/28\/revisions\/83"}],"wp:attachment":[{"href":"http:\/\/www.rederural.com.br\/site\/wp-json\/wp\/v2\/media?parent=28"}],"curies":[{"name":"wp","href":"https:\/\/api.w.org\/{rel}","templated":true}]}}