{"id":84,"date":"2017-04-25T09:32:59","date_gmt":"2017-04-25T12:32:59","guid":{"rendered":"http:\/\/www.rederural.com.br\/site\/?page_id=84"},"modified":"2017-05-05T12:09:07","modified_gmt":"2017-05-05T15:09:07","slug":"pericias-judiciais","status":"publish","type":"page","link":"http:\/\/www.rederural.com.br\/site\/pericias-judiciais\/","title":{"rendered":"Per\u00edcias Judiciais"},"content":{"rendered":"<p>[vc_row][vc_column width=&#8221;1\/4&#8243;][vc_single_image image=&#8221;166&#8243; img_size=&#8221;214&#215;214&#8243;][\/vc_column][vc_column width=&#8221;3\/4&#8243;][vc_column_text css_animation=&#8221;left-to-right&#8221;]Perito Judicial e Assistente da Parte, perante a 25\u00aa, 22\u00aa,6\u00aa e 2\u00aa Vara C\u00edvel da Justi\u00e7a Federal &#8211; Se\u00e7\u00e3o Judici\u00e1ria de S\u00e3o Paulo &#8211; SP 3\u00aa, 5\u00aa, 10\u00aa, 16\u00aa, 29\u00aa e 39\u00aa Vara C\u00edvel do F\u00f3rum Central &#8211; Jo\u00e3o Mendes Junior de S\u00e3o Paulo-SP, englobando avalia\u00e7\u00e3o, loca\u00e7\u00e3o, permiss\u00e3o de uso de bens e dom\u00ednio p\u00fablicos, em a\u00e7\u00f5es do rito sumario, revisional de aluguel[\/vc_column_text][\/vc_column][\/vc_row]<\/p>\n","protected":false},"excerpt":{"rendered":"<p>[vc_row][vc_column width=&#8221;1\/4&#8243;][vc_single_image image=&#8221;166&#8243; img_size=&#8221;214&#215;214&#8243;][\/vc_column][vc_column width=&#8221;3\/4&#8243;][vc_column_text css_animation=&#8221;left-to-right&#8221;]Perito Judicial e Assistente da Parte, perante a 25\u00aa, 22\u00aa,6\u00aa e 2\u00aa Vara C\u00edvel da Justi\u00e7a Federal &#8211; Se\u00e7\u00e3o Judici\u00e1ria de S\u00e3o Paulo &#8211; SP 3\u00aa, 5\u00aa, 10\u00aa, 16\u00aa, 29\u00aa e 39\u00aa Vara C\u00edvel do F\u00f3rum Central &#8211; Jo\u00e3o Mendes Junior de S\u00e3o Paulo-SP, englobando avalia\u00e7\u00e3o, loca\u00e7\u00e3o, permiss\u00e3o de uso [&hellip;]<\/p>\n","protected":false},"author":1,"featured_media":0,"parent":0,"menu_order":0,"comment_status":"closed","ping_status":"closed","template":"template-fullwidth.php","meta":[],"_links":{"self":[{"href":"http:\/\/www.rederural.com.br\/site\/wp-json\/wp\/v2\/pages\/84"}],"collection":[{"href":"http:\/\/www.rederural.com.br\/site\/wp-json\/wp\/v2\/pages"}],"about":[{"href":"http:\/\/www.rederural.com.br\/site\/wp-json\/wp\/v2\/types\/page"}],"author":[{"embeddable":true,"href":"http:\/\/www.rederural.com.br\/site\/wp-json\/wp\/v2\/users\/1"}],"replies":[{"embeddable":true,"href":"http:\/\/www.rederural.com.br\/site\/wp-json\/wp\/v2\/comments?post=84"}],"version-history":[{"count":5,"href":"http:\/\/www.rederural.com.br\/site\/wp-json\/wp\/v2\/pages\/84\/revisions"}],"predecessor-version":[{"id":168,"href":"http:\/\/www.rederural.com.br\/site\/wp-json\/wp\/v2\/pages\/84\/revisions\/168"}],"wp:attachment":[{"href":"http:\/\/www.rederural.com.br\/site\/wp-json\/wp\/v2\/media?parent=84"}],"curies":[{"name":"wp","href":"https:\/\/api.w.org\/{rel}","templated":true}]}}